{"id":3,"date":"2021-03-23T09:47:18","date_gmt":"2021-03-23T09:47:18","guid":{"rendered":"https:\/\/claudioemoreira.pt\/?page_id=3"},"modified":"2021-04-26T13:03:03","modified_gmt":"2021-04-26T13:03:03","slug":"politica-privacidade","status":"publish","type":"page","link":"https:\/\/claudioemoreira.pt\/index.php\/politica-privacidade\/","title":{"rendered":"Pol\u00edtica de privacidade"},"content":{"rendered":"\t\t<div data-elementor-type=\"wp-page\" data-elementor-id=\"3\" class=\"elementor elementor-3\" data-elementor-settings=\"[]\">\n\t\t\t\t\t\t\t<div class=\"elementor-section-wrap\">\n\t\t\t\t\t\t\t<section class=\"elementor-section elementor-top-section elementor-element elementor-element-7fbe13e elementor-section-boxed elementor-section-height-default elementor-section-height-default\" data-id=\"7fbe13e\" data-element_type=\"section\" data-settings=\"{&quot;background_background&quot;:&quot;classic&quot;}\">\n\t\t\t\t\t\t<div class=\"elementor-container elementor-column-gap-default\">\n\t\t\t\t\t<div class=\"elementor-column elementor-col-100 elementor-top-column elementor-element elementor-element-428231f\" data-id=\"428231f\" data-element_type=\"column\">\n\t\t\t<div class=\"elementor-widget-wrap elementor-element-populated\">\n\t\t\t\t\t\t\t\t<div class=\"elementor-element elementor-element-7a12492 elementor-widget elementor-widget-heading\" data-id=\"7a12492\" data-element_type=\"widget\" data-widget_type=\"heading.default\">\n\t\t\t\t<div class=\"elementor-widget-container\">\n\t\t\t<h1 class=\"elementor-heading-title elementor-size-xl\">Pol\u00edtica de Cookies e Privacidade<\/h1>\t\t<\/div>\n\t\t\t\t<\/div>\n\t\t\t\t\t<\/div>\n\t\t<\/div>\n\t\t\t\t\t\t\t<\/div>\n\t\t<\/section>\n\t\t\t\t<section class=\"elementor-section elementor-top-section elementor-element elementor-element-b7f1030 elementor-section-boxed elementor-section-height-default elementor-section-height-default\" data-id=\"b7f1030\" data-element_type=\"section\">\n\t\t\t\t\t\t<div class=\"elementor-container elementor-column-gap-default\">\n\t\t\t\t\t<div class=\"elementor-column elementor-col-100 elementor-top-column elementor-element elementor-element-9de09aa\" data-id=\"9de09aa\" data-element_type=\"column\">\n\t\t\t<div class=\"elementor-widget-wrap elementor-element-populated\">\n\t\t\t\t\t\t\t\t<div class=\"elementor-element elementor-element-967e857 elementor-widget elementor-widget-heading\" data-id=\"967e857\" data-element_type=\"widget\" data-widget_type=\"heading.default\">\n\t\t\t\t<div class=\"elementor-widget-container\">\n\t\t\t<h2 class=\"elementor-heading-title elementor-size-default\">PRE\u00c2MBULO<\/h2>\t\t<\/div>\n\t\t\t\t<\/div>\n\t\t\t\t<div class=\"elementor-element elementor-element-39933a5 elementor-widget elementor-widget-text-editor\" data-id=\"39933a5\" data-element_type=\"widget\" data-widget_type=\"text-editor.default\">\n\t\t\t\t<div class=\"elementor-widget-container\">\n\t\t\t\t\t<div class=\"elementor-text-editor elementor-clearfix\"><p>Pedimos-lhe que leia atentamente esta Pol\u00edtica de Privacidade para saber como ser\u00e1 tratada a sua Informa\u00e7\u00e3o Pessoal quando utilizar o nosso site.<\/p><p>CLAUDIO &amp; MOREIRA, LDA reserva-se o direito de modificar a presente Pol\u00edtica de Privacidade para a adaptar a altera\u00e7\u00f5es legislativas ou jurisprudenciais. Neste caso, a CLAUDIO &amp; MOREIRA, LDA anunciar\u00e1 no site as mudan\u00e7as introduzidas com a necess\u00e1ria antecipa\u00e7\u00e3o. O facto de utilizar o site da CLAUDIO &amp; MOREIRA, LDA depois de devidamente informado sobre qualquer altera\u00e7\u00e3o nesta Pol\u00edtica de Privacidade, significa que o visitante aceitou essas altera\u00e7\u00f5es. Se tem alguma pergunta relativa \u00e0s nossas pr\u00e1ticas de privacidade, pedimos-lhe que entre em contacto connosco atrav\u00e9s de:<\/p><p>Email:<a href=\"mailto:cmoreira.ajm@gmail.com\"><br \/>cmoreira.ajm@gmail.com<\/a><a href=\"mailto:paulojanacletoclaudio@gmail.com\"><br \/>paulojanacletoclaudio@gmail.com<\/a><\/p><p>Telefone: <a href=\"tel:(+351) 919796554\">(+351) 919796554<\/a>\/ <a href=\"tel:(+351) 917289223\">(+351) 917289223<\/a><\/p><p>A CLAUDIO &amp; MOREIRA, LDA a far\u00e1 todos os poss\u00edveis para investigar imediatamente qualquer queixa relativa \u00e0 nossa Pol\u00edtica de Privacidade ou \u00e0 utiliza\u00e7\u00e3o da sua Informa\u00e7\u00e3o Pessoal.<\/p><\/div>\n\t\t\t\t<\/div>\n\t\t\t\t<\/div>\n\t\t\t\t<div class=\"elementor-element elementor-element-16f4d03 elementor-widget elementor-widget-heading\" data-id=\"16f4d03\" data-element_type=\"widget\" data-widget_type=\"heading.default\">\n\t\t\t\t<div class=\"elementor-widget-container\">\n\t\t\t<h2 class=\"elementor-heading-title elementor-size-default\">1. GERAL<\/h2>\t\t<\/div>\n\t\t\t\t<\/div>\n\t\t\t\t<div class=\"elementor-element elementor-element-061a986 elementor-widget elementor-widget-text-editor\" data-id=\"061a986\" data-element_type=\"widget\" data-widget_type=\"text-editor.default\">\n\t\t\t\t<div class=\"elementor-widget-container\">\n\t\t\t\t\t<div class=\"elementor-text-editor elementor-clearfix\"><p>A CLAUDIO &amp; MOREIRA, LDA respeita a privacidade de todos os indiv\u00edduos que visitam o nosso site. Esta Pol\u00edtica de Privacidade reflete a informa\u00e7\u00e3o que a CLAUDIO &amp; MOREIRA, LDA recolhe e a forma como utilizar\u00e1 a referida informa\u00e7\u00e3o.<\/p>\n<p>A CLAUDIO &amp; MOREIRA, LDA deseja proporcionar-lhe o m\u00e1ximo controlo poss\u00edvel sobre a informa\u00e7\u00e3o que o identifica pessoalmente. Tamb\u00e9m queremos inform\u00e1-lo sobre a possibilidade de exercitar os direitos de acesso, retifica\u00e7\u00e3o, cancelamento e oposi\u00e7\u00e3o ao tratamento dos seus dados pessoais. Quando assim o solicitar, a CLAUDIO &amp; MOREIRA, LDA (a) permitir-lhe aceder \u00e0 sua informa\u00e7\u00e3o pessoal; (b) eliminar a sua Informa\u00e7\u00e3o Pessoal da nossa Base de Dados e (c) corrigir a Informa\u00e7\u00e3o Pessoal que indique estar errada. Para exercitar estes direitos, por favor entre em contato connosco atrav\u00e9s dos contatos anteriormente indicados.<\/p><\/div>\n\t\t\t\t<\/div>\n\t\t\t\t<\/div>\n\t\t\t\t<div class=\"elementor-element elementor-element-c998668 elementor-widget elementor-widget-heading\" data-id=\"c998668\" data-element_type=\"widget\" data-widget_type=\"heading.default\">\n\t\t\t\t<div class=\"elementor-widget-container\">\n\t\t\t<h2 class=\"elementor-heading-title elementor-size-default\">2. INFORMA\u00c7\u00c3O PESSOAL<\/h2>\t\t<\/div>\n\t\t\t\t<\/div>\n\t\t\t\t<div class=\"elementor-element elementor-element-c669736 elementor-widget elementor-widget-text-editor\" data-id=\"c669736\" data-element_type=\"widget\" data-widget_type=\"text-editor.default\">\n\t\t\t\t<div class=\"elementor-widget-container\">\n\t\t\t\t\t<div class=\"elementor-text-editor elementor-clearfix\"><p>Quando visitar o nosso site, n\u00e3o recolheremos nenhuma Informa\u00e7\u00e3o Pessoal sobre si (nomeadamente o seu nome, morada, n\u00famero de telefone, n\u00famero de seguran\u00e7a social, informa\u00e7\u00e3o relativa a fatura\u00e7\u00e3o e envio, informa\u00e7\u00e3o sobre o seu cart\u00e3o de cr\u00e9dito ou endere\u00e7o de correio eletr\u00f3nico), a menos que o faculte voluntariamente. Ao utilizar o nosso site compromete-se a aceitar os termos e condi\u00e7\u00f5es da nossa atual Pol\u00edtica de Privacidade, tal como se explica nesta sec\u00e7\u00e3o do site. Se n\u00e3o aceitar os termos e condi\u00e7\u00f5es desta Pol\u00edtica de Privacidade, pedimos-lhe que n\u00e3o faculte nenhum dado de car\u00e1cter pessoal \u00e0 CLAUDIO &amp; MOREIRA, LDA atrav\u00e9s deste site.<\/p><\/div>\n\t\t\t\t<\/div>\n\t\t\t\t<\/div>\n\t\t\t\t<div class=\"elementor-element elementor-element-3d618bc elementor-widget elementor-widget-heading\" data-id=\"3d618bc\" data-element_type=\"widget\" data-widget_type=\"heading.default\">\n\t\t\t\t<div class=\"elementor-widget-container\">\n\t\t\t<h2 class=\"elementor-heading-title elementor-size-default\">3. TRATAMENTO DOS DADOS DE CAR\u00c1CTER PESSOAL<\/h2>\t\t<\/div>\n\t\t\t\t<\/div>\n\t\t\t\t<div class=\"elementor-element elementor-element-8694f33 elementor-widget elementor-widget-text-editor\" data-id=\"8694f33\" data-element_type=\"widget\" data-widget_type=\"text-editor.default\">\n\t\t\t\t<div class=\"elementor-widget-container\">\n\t\t\t\t\t<div class=\"elementor-text-editor elementor-clearfix\"><p>A CLAUDIO &amp; MOREIRA, LDA proporciona aos utilizadores os recursos t\u00e9cnicos adequados para que, com car\u00e1cter pr\u00e9vio, acedam a esta Pol\u00edtica de Privacidade e possam dar o seu consentimento para a CLAUDIO &amp; MOREIRA, LDA proceder ao tratamento autom\u00e1tico dos seus dados pessoais. Relativamente aos formul\u00e1rios eletr\u00f3nicos de recolha de dados do s\u00edtio Web, salvo nos campos em que se indique o contr\u00e1rio, as respostas \u00e0s perguntas sobre dados pessoais s\u00e3o volunt\u00e1rias, sem que a falta de contesta\u00e7\u00e3o implique uma perda na qualidade ou quantidade dos servi\u00e7os correspondentes, a menos que se indique outra coisa. Quando nos fornecer voluntariamente dados de car\u00e1cter pessoal, autoriza-nos a utilizar essa Informa\u00e7\u00e3o Pessoal, de acordo com os termos e condi\u00e7\u00f5es da nossa Pol\u00edtica de Privacidade. O utilizador garante que os dados pessoais facultados \u00e0 CLAUDIO &amp; MOREIRA, LDA s\u00e3o verdadeiros e torna-se respons\u00e1vel por comunicar a esta qualquer altera\u00e7\u00e3o dos mesmos.<\/p>\n<p>A CLAUDIO &amp; MOREIRA, LDA pode guardar e processar os seus dados pessoais para melhor entender as suas necessidades e o modo como podemos melhorar os nossos produtos e servi\u00e7os. Podemos utilizar a sua informa\u00e7\u00e3o pessoal para contactar consigo, inclusive por via Eletr\u00f3nica, nomeadamente atrav\u00e9s de correio eletr\u00f3nico, fax, mensagens para telem\u00f3veis ou outros an\u00e1logos para, por exemplo, personalizar a informa\u00e7\u00e3o dos produtos ou servi\u00e7os que lhe oferecemos, para poder enviar materiais de marketing ou promo\u00e7\u00e3o ou para poder responder aos seus coment\u00e1rios ou pedidos de informa\u00e7\u00e3o. A CLAUDIO &amp; MOREIRA, LDA apenas revelar\u00e1 a sua informa\u00e7\u00e3o pessoal sem aviso pr\u00e9vio se a lei assim o exigir ou se, de boa-f\u00e9, considerar que essa atua\u00e7\u00e3o \u00e9 necess\u00e1ria para: (a) cumprir a lei ou os mandatos referentes aos processos legais que afetem a CLAUDIO &amp; MOREIRA, LDA ou o site; (b) proteger e defender os direitos de propriedade da CLAUDIO &amp; MOREIRA, LDA e do seu site e (c) atuar, em circunst\u00e2ncias urgentes, para proteger a seguran\u00e7a pessoal dos utilizadores da CLAUDIO &amp; MOREIRA, LDA, do seu site ou do p\u00fablico.<\/p><\/div>\n\t\t\t\t<\/div>\n\t\t\t\t<\/div>\n\t\t\t\t<div class=\"elementor-element elementor-element-694c7b3 elementor-widget elementor-widget-heading\" data-id=\"694c7b3\" data-element_type=\"widget\" data-widget_type=\"heading.default\">\n\t\t\t\t<div class=\"elementor-widget-container\">\n\t\t\t<h2 class=\"elementor-heading-title elementor-size-default\">4. SEGURAN\u00c7A<\/h2>\t\t<\/div>\n\t\t\t\t<\/div>\n\t\t\t\t<div class=\"elementor-element elementor-element-f5c7a69 elementor-widget elementor-widget-text-editor\" data-id=\"f5c7a69\" data-element_type=\"widget\" data-widget_type=\"text-editor.default\">\n\t\t\t\t<div class=\"elementor-widget-container\">\n\t\t\t\t\t<div class=\"elementor-text-editor elementor-clearfix\"><p>A CLAUDIO &amp; MOREIRA, LDA compromete-se a tratar a sua Informa\u00e7\u00e3o Pessoal com a m\u00e1xima privacidade, confidencialidade e seguran\u00e7a. Atrav\u00e9s de rigorosas medidas de seguran\u00e7a aplicadas aos ficheiros automatizados que contenham dados de car\u00e1cter pessoal, a CLAUDIO &amp; MOREIRA, LDA protege os seus dados pessoais da perda, m\u00e1 utiliza\u00e7\u00e3o, acesso n\u00e3o autorizado, altera\u00e7\u00e3o e destrui\u00e7\u00e3o dos mesmos, com todos os meios t\u00e9cnicos ao seu alcance. No entanto, o utilizador deve estar ciente que as medidas de seguran\u00e7a na Internet n\u00e3o s\u00e3o inexpugn\u00e1veis. Empresas externas \u00e0 CLAUDIO &amp; MOREIRA, LDA que tenham acesso aos seus dados pessoais relativamente aos servi\u00e7os prestados \u00e0 CLAUDIO &amp; MOREIRA, LDA s\u00e3o obrigados a manter a informa\u00e7\u00e3o confidencial e n\u00e3o t\u00eam autoriza\u00e7\u00e3o para utilizar essa informa\u00e7\u00e3o para qualquer outra finalidade que n\u00e3o a de prestar os servi\u00e7os que est\u00e3o a fornecer em nome da CLAUDIO &amp; MOREIRA, LDA.<\/p><\/div>\n\t\t\t\t<\/div>\n\t\t\t\t<\/div>\n\t\t\t\t<div class=\"elementor-element elementor-element-9af7979 elementor-widget elementor-widget-heading\" data-id=\"9af7979\" data-element_type=\"widget\" data-widget_type=\"heading.default\">\n\t\t\t\t<div class=\"elementor-widget-container\">\n\t\t\t<h2 class=\"elementor-heading-title elementor-size-default\">POL\u00cdTICA DE COOKIES<\/h2>\t\t<\/div>\n\t\t\t\t<\/div>\n\t\t\t\t<div class=\"elementor-element elementor-element-239cd1a elementor-widget elementor-widget-text-editor\" data-id=\"239cd1a\" data-element_type=\"widget\" data-widget_type=\"text-editor.default\">\n\t\t\t\t<div class=\"elementor-widget-container\">\n\t\t\t\t\t<div class=\"elementor-text-editor elementor-clearfix\"><p>Para garantir que o nosso site apresenta uma boa experi\u00eancia de navega\u00e7\u00e3o para os visitantes e disponibilizar um servi\u00e7o mais personalizado, o nosso servidor utiliza cookies (pequenos ficheiros informativos) para recolher e guardar informa\u00e7\u00e3o.<\/p>\n<p>Caso pretenda, poder\u00e1 desativar esta configura\u00e7\u00e3o no seu browser, com preju\u00edzo de limitar acesso a determinadas \u00e1reas do site ou de receber informa\u00e7\u00e3o personalizada. Com vista a melhorar o nosso site, realizamos periodicamente estimativas dos n\u00edveis de utiliza\u00e7\u00e3o dos nossos servi\u00e7os. A informa\u00e7\u00e3o recolhida poder\u00e1 incluir morada IP (n\u00ba que lhe \u00e9 atribu\u00eddo por cada vez que navega na internet), tipo de browser e sistema operativo que utiliza.<\/p><\/div>\n\t\t\t\t<\/div>\n\t\t\t\t<\/div>\n\t\t\t\t\t<\/div>\n\t\t<\/div>\n\t\t\t\t\t\t\t<\/div>\n\t\t<\/section>\n\t\t\t\t\t\t<\/div>\n\t\t\t\t\t<\/div>\n\t\t","protected":false},"excerpt":{"rendered":"<p>Pol\u00edtica de Cookies e Privacidade PRE\u00c2MBULO Pedimos-lhe que leia atentamente esta Pol\u00edtica de Privacidade para saber como ser\u00e1 tratada a sua Informa\u00e7\u00e3o Pessoal quando utilizar o nosso site. CLAUDIO &amp; MOREIRA, LDA reserva-se o direito de modificar a presente Pol\u00edtica de Privacidade para a adaptar a altera\u00e7\u00f5es legislativas ou jurisprudenciais. Neste caso, a CLAUDIO &amp; [&hellip;]<\/p>\n","protected":false},"author":1,"featured_media":0,"parent":0,"menu_order":0,"comment_status":"closed","ping_status":"open","template":"","meta":{"footnotes":""},"class_list":["post-3","page","type-page","status-publish","hentry","entry"],"_links":{"self":[{"href":"https:\/\/claudioemoreira.pt\/index.php\/wp-json\/wp\/v2\/pages\/3","targetHints":{"allow":["GET"]}}],"collection":[{"href":"https:\/\/claudioemoreira.pt\/index.php\/wp-json\/wp\/v2\/pages"}],"about":[{"href":"https:\/\/claudioemoreira.pt\/index.php\/wp-json\/wp\/v2\/types\/page"}],"author":[{"embeddable":true,"href":"https:\/\/claudioemoreira.pt\/index.php\/wp-json\/wp\/v2\/users\/1"}],"replies":[{"embeddable":true,"href":"https:\/\/claudioemoreira.pt\/index.php\/wp-json\/wp\/v2\/comments?post=3"}],"version-history":[{"count":65,"href":"https:\/\/claudioemoreira.pt\/index.php\/wp-json\/wp\/v2\/pages\/3\/revisions"}],"predecessor-version":[{"id":934,"href":"https:\/\/claudioemoreira.pt\/index.php\/wp-json\/wp\/v2\/pages\/3\/revisions\/934"}],"wp:attachment":[{"href":"https:\/\/claudioemoreira.pt\/index.php\/wp-json\/wp\/v2\/media?parent=3"}],"curies":[{"name":"wp","href":"https:\/\/api.w.org\/{rel}","templated":true}]}}